{"id":105,"date":"2024-12-23T18:32:47","date_gmt":"2024-12-23T18:32:47","guid":{"rendered":"https:\/\/modrostnarave.si\/?page_id=105"},"modified":"2025-10-31T05:52:25","modified_gmt":"2025-10-31T05:52:25","slug":"tradicionalne-metode","status":"publish","type":"page","link":"https:\/\/modrostnarave.si\/?page_id=105","title":{"rendered":"Tradicionalne metode"},"content":{"rendered":"\n<h2 class=\"wp-block-heading\">Uvod<\/h2>\n\n\n\n<h2 class=\"wp-block-heading\">Zeli\u0161\u010darstvo<\/h2>\n\n\n\n<h2 class=\"wp-block-heading\">\u0160amanizem (Core shamanism)<\/h2>\n","protected":false},"excerpt":{"rendered":"<p>Uvod Zeli\u0161\u010darstvo \u0160amanizem (Core shamanism)<\/p>\n","protected":false},"author":1,"featured_media":0,"parent":0,"menu_order":0,"comment_status":"closed","ping_status":"closed","template":"","meta":{"footnotes":""},"class_list":["post-105","page","type-page","status-publish","hentry"],"yoast_head":"<!-- This site is optimized with the Yoast SEO plugin v26.2 - https:\/\/yoast.com\/wordpress\/plugins\/seo\/ -->\n<title>Tradicionalne metode - In\u0161titut Modrost Narave<\/title>\n<meta name=\"robots\" content=\"index, follow, max-snippet:-1, max-image-preview:large, max-video-preview:-1\" \/>\n<link rel=\"canonical\" href=\"https:\/\/modrostnarave.si\/?page_id=105\" \/>\n<meta property=\"og:locale\" content=\"sl_SI\" \/>\n<meta property=\"og:type\" content=\"article\" \/>\n<meta property=\"og:title\" content=\"Tradicionalne metode - In\u0161titut Modrost Narave\" \/>\n<meta property=\"og:description\" content=\"Uvod Zeli\u0161\u010darstvo \u0160amanizem (Core shamanism)\" \/>\n<meta property=\"og:url\" content=\"https:\/\/modrostnarave.si\/?page_id=105\" \/>\n<meta property=\"og:site_name\" content=\"In\u0161titut Modrost Narave\" \/>\n<meta property=\"article:publisher\" content=\"https:\/\/www.facebook.com\/ModrostNarave\" \/>\n<meta property=\"article:modified_time\" content=\"2025-10-31T05:52:25+00:00\" \/>\n<meta name=\"twitter:card\" content=\"summary_large_image\" \/>\n<meta name=\"twitter:label1\" content=\"Est. reading time\" \/>\n\t<meta name=\"twitter:data1\" content=\"1 minuta\" \/>\n<script type=\"application\/ld+json\" class=\"yoast-schema-graph\">{\"@context\":\"https:\/\/schema.org\",\"@graph\":[{\"@type\":\"WebPage\",\"@id\":\"https:\/\/modrostnarave.si\/?page_id=105\",\"url\":\"https:\/\/modrostnarave.si\/?page_id=105\",\"name\":\"Tradicionalne metode - In\u0161titut Modrost Narave\",\"isPartOf\":{\"@id\":\"https:\/\/modrostnarave.si\/#website\"},\"datePublished\":\"2024-12-23T18:32:47+00:00\",\"dateModified\":\"2025-10-31T05:52:25+00:00\",\"breadcrumb\":{\"@id\":\"https:\/\/modrostnarave.si\/?page_id=105#breadcrumb\"},\"inLanguage\":\"sl-SI\",\"potentialAction\":[{\"@type\":\"ReadAction\",\"target\":[\"https:\/\/modrostnarave.si\/?page_id=105\"]}]},{\"@type\":\"BreadcrumbList\",\"@id\":\"https:\/\/modrostnarave.si\/?page_id=105#breadcrumb\",\"itemListElement\":[{\"@type\":\"ListItem\",\"position\":1,\"name\":\"Home\",\"item\":\"https:\/\/modrostnarave.si\/\"},{\"@type\":\"ListItem\",\"position\":2,\"name\":\"Tradicionalne metode\"}]},{\"@type\":\"WebSite\",\"@id\":\"https:\/\/modrostnarave.si\/#website\",\"url\":\"https:\/\/modrostnarave.si\/\",\"name\":\"In\u0161titut Modrost Narave\",\"description\":\"Raziskave, svetovanje in coaching z namenom spodbujanja harmoni\u010dnega \u017eivljenjskega sloga.\",\"publisher\":{\"@id\":\"https:\/\/modrostnarave.si\/#organization\"},\"potentialAction\":[{\"@type\":\"SearchAction\",\"target\":{\"@type\":\"EntryPoint\",\"urlTemplate\":\"https:\/\/modrostnarave.si\/?s={search_term_string}\"},\"query-input\":{\"@type\":\"PropertyValueSpecification\",\"valueRequired\":true,\"valueName\":\"search_term_string\"}}],\"inLanguage\":\"sl-SI\"},{\"@type\":\"Organization\",\"@id\":\"https:\/\/modrostnarave.si\/#organization\",\"name\":\"In\u0161titut Modrost Narave\",\"url\":\"https:\/\/modrostnarave.si\/\",\"logo\":{\"@type\":\"ImageObject\",\"inLanguage\":\"sl-SI\",\"@id\":\"https:\/\/modrostnarave.si\/#\/schema\/logo\/image\/\",\"url\":\"https:\/\/modrostnarave.si\/wp-content\/uploads\/2024\/12\/cropped-IMG_0331-scaled-1.jpeg\",\"contentUrl\":\"https:\/\/modrostnarave.si\/wp-content\/uploads\/2024\/12\/cropped-IMG_0331-scaled-1.jpeg\",\"width\":1500,\"height\":1403,\"caption\":\"In\u0161titut Modrost Narave\"},\"image\":{\"@id\":\"https:\/\/modrostnarave.si\/#\/schema\/logo\/image\/\"},\"sameAs\":[\"https:\/\/www.facebook.com\/ModrostNarave\"]}]}<\/script>\n<!-- \/ Yoast SEO plugin. -->","yoast_head_json":{"title":"Tradicionalne metode - In\u0161titut Modrost Narave","robots":{"index":"index","follow":"follow","max-snippet":"max-snippet:-1","max-image-preview":"max-image-preview:large","max-video-preview":"max-video-preview:-1"},"canonical":"https:\/\/modrostnarave.si\/?page_id=105","og_locale":"sl_SI","og_type":"article","og_title":"Tradicionalne metode - In\u0161titut Modrost Narave","og_description":"Uvod Zeli\u0161\u010darstvo \u0160amanizem (Core shamanism)","og_url":"https:\/\/modrostnarave.si\/?page_id=105","og_site_name":"In\u0161titut Modrost Narave","article_publisher":"https:\/\/www.facebook.com\/ModrostNarave","article_modified_time":"2025-10-31T05:52:25+00:00","twitter_card":"summary_large_image","twitter_misc":{"Est. reading time":"1 minuta"},"schema":{"@context":"https:\/\/schema.org","@graph":[{"@type":"WebPage","@id":"https:\/\/modrostnarave.si\/?page_id=105","url":"https:\/\/modrostnarave.si\/?page_id=105","name":"Tradicionalne metode - In\u0161titut Modrost Narave","isPartOf":{"@id":"https:\/\/modrostnarave.si\/#website"},"datePublished":"2024-12-23T18:32:47+00:00","dateModified":"2025-10-31T05:52:25+00:00","breadcrumb":{"@id":"https:\/\/modrostnarave.si\/?page_id=105#breadcrumb"},"inLanguage":"sl-SI","potentialAction":[{"@type":"ReadAction","target":["https:\/\/modrostnarave.si\/?page_id=105"]}]},{"@type":"BreadcrumbList","@id":"https:\/\/modrostnarave.si\/?page_id=105#breadcrumb","itemListElement":[{"@type":"ListItem","position":1,"name":"Home","item":"https:\/\/modrostnarave.si\/"},{"@type":"ListItem","position":2,"name":"Tradicionalne metode"}]},{"@type":"WebSite","@id":"https:\/\/modrostnarave.si\/#website","url":"https:\/\/modrostnarave.si\/","name":"In\u0161titut Modrost Narave","description":"Raziskave, svetovanje in coaching z namenom spodbujanja harmoni\u010dnega \u017eivljenjskega sloga.","publisher":{"@id":"https:\/\/modrostnarave.si\/#organization"},"potentialAction":[{"@type":"SearchAction","target":{"@type":"EntryPoint","urlTemplate":"https:\/\/modrostnarave.si\/?s={search_term_string}"},"query-input":{"@type":"PropertyValueSpecification","valueRequired":true,"valueName":"search_term_string"}}],"inLanguage":"sl-SI"},{"@type":"Organization","@id":"https:\/\/modrostnarave.si\/#organization","name":"In\u0161titut Modrost Narave","url":"https:\/\/modrostnarave.si\/","logo":{"@type":"ImageObject","inLanguage":"sl-SI","@id":"https:\/\/modrostnarave.si\/#\/schema\/logo\/image\/","url":"https:\/\/modrostnarave.si\/wp-content\/uploads\/2024\/12\/cropped-IMG_0331-scaled-1.jpeg","contentUrl":"https:\/\/modrostnarave.si\/wp-content\/uploads\/2024\/12\/cropped-IMG_0331-scaled-1.jpeg","width":1500,"height":1403,"caption":"In\u0161titut Modrost Narave"},"image":{"@id":"https:\/\/modrostnarave.si\/#\/schema\/logo\/image\/"},"sameAs":["https:\/\/www.facebook.com\/ModrostNarave"]}]}},"_links":{"self":[{"href":"https:\/\/modrostnarave.si\/index.php?rest_route=\/wp\/v2\/pages\/105","targetHints":{"allow":["GET"]}}],"collection":[{"href":"https:\/\/modrostnarave.si\/index.php?rest_route=\/wp\/v2\/pages"}],"about":[{"href":"https:\/\/modrostnarave.si\/index.php?rest_route=\/wp\/v2\/types\/page"}],"author":[{"embeddable":true,"href":"https:\/\/modrostnarave.si\/index.php?rest_route=\/wp\/v2\/users\/1"}],"replies":[{"embeddable":true,"href":"https:\/\/modrostnarave.si\/index.php?rest_route=%2Fwp%2Fv2%2Fcomments&post=105"}],"version-history":[{"count":3,"href":"https:\/\/modrostnarave.si\/index.php?rest_route=\/wp\/v2\/pages\/105\/revisions"}],"predecessor-version":[{"id":169,"href":"https:\/\/modrostnarave.si\/index.php?rest_route=\/wp\/v2\/pages\/105\/revisions\/169"}],"wp:attachment":[{"href":"https:\/\/modrostnarave.si\/index.php?rest_route=%2Fwp%2Fv2%2Fmedia&parent=105"}],"curies":[{"name":"wp","href":"https:\/\/api.w.org\/{rel}","templated":true}]}}