{"id":123,"date":"2025-10-30T04:02:51","date_gmt":"2025-10-30T04:02:51","guid":{"rendered":"https:\/\/modrostnarave.si\/?page_id=123"},"modified":"2025-10-30T20:12:21","modified_gmt":"2025-10-30T20:12:21","slug":"eticni-kodeks","status":"publish","type":"page","link":"https:\/\/modrostnarave.si\/?page_id=123","title":{"rendered":"Eti\u010dni kodeks"},"content":{"rendered":"\n<p>In\u0161titut Modrost Narave se zavezuje k najvi\u0161jim eti\u010dnim standardom v kou\u010dingu in mentorstvu. Na\u0161e delo temelji na eti\u010dnih kodeksih dveh vodilnih mednarodnih organizacij: International Coaching Federation (ICF) in European Mentoring and Coaching Council (EMCC). Ti kodeksi zagotavljajo, da na\u0161e storitve temeljijo na integriteti, profesionalnosti in spo\u0161tovanju vsakega posameznika.<\/p>\n\n\n\n<p>Glavne vrednote in na\u010dela<\/p>\n\n\n\n<ul class=\"wp-block-list\">\n<li>Jasna razmejevanje odgovornosti<\/li>\n\n\n\n<li>Zaupnost in zasebnost klienta<\/li>\n\n\n\n<li>Integriteta in po\u0161tenost<\/li>\n\n\n\n<li>Profesionalno ravnanje<\/li>\n\n\n\n<li>Spo\u0161tovanje razli\u010dnosti in inkluzivnosti<\/li>\n\n\n\n<li>Osredoto\u010denost na razvoj klienta<\/li>\n<\/ul>\n\n\n\n<p>In\u0161titut Modrost Narave spodbuja na\u0161e praktike, da sledijo obema kodeksoma in s tem zagotavljamo najvi\u0161ji nivo profesionalnosti, eti\u010dnosti in kakovosti storitev. Na\u0161i coachi in mentorji redno posodabljajo svoje znanje in se izobra\u017eujejo skladno z mednarodnimi standardi ICF in EMCC.<\/p>\n\n\n\n<ul class=\"wp-block-list\">\n<li>Razumevanje sebe &#8211; Zavedanje lastnih vrednot, prepri\u010danj, predpostavk in \u010dustev ter njihovega vpliva na prakso<\/li>\n\n\n\n<li>Zavezanost k samorealizaciji &#8211; Nenehno strokovno in osebno izpopolnjevanje<\/li>\n\n\n\n<li>Upravljanje pogodbe &#8211; Vzpostavljanje jasnih poslovnih in psiholo\u0161kih pogodb s klienti<\/li>\n\n\n\n<li>Vzpostavljanje odnosa &#8211; Ustvarjanje zaupanja in rapport-a s klientom<\/li>\n\n\n\n<li>Olaj\u0161evanje u\u010denja in razvoja &#8211; Podpiranje klienta pri doseganju cilja in vpogleda<\/li>\n\n\n\n<li>Razumevanje klienta v kontekstu &#8211; Prepoznavanje in upo\u0161tevanje klien tovega kulturnega, organizacijskega in socialnega konteksta<\/li>\n\n\n\n<li>Izkazovanje eti\u010dne prakse &#8211; Razume in dosledno uporablja eti\u010dne smernice in standarde coachinga<\/li>\n\n\n\n<li>Utelej\u0161anje miselnosti kou\u010dinga &#8211; Razvija in vzdrzuje miselnost, ki je odprta, radovedna, prilagodljiva in osredoto\u010dena na klienta<\/li>\n\n\n\n<li>Vzpostavljanje in vzdr\u017eevanje dogovorov &#8211; Sodeluje s klientom pri ustvarjanju jasnih dogovorov o kou\u010dinskem odnosu<\/li>\n\n\n\n<li>Gojenje zaupanja in varnosti &#8211; Sodeluje s klientom pri ustvarjanju varnega, podpornega okolja<\/li>\n\n\n\n<li>Ohranjanje prisotnosti &#8211; Je popolnoma zavestno prisoten in ustvarja spontan odnos s klientom<\/li>\n\n\n\n<li>Aktivno poslu\u0161anje &#8211; Se osredoto\u010da na to, kar klient pravi in ne pravi<\/li>\n\n\n\n<li>Vzbujanje ozavest ja &#8211; Olaj\u0161a u\u010denje in vpogled klienta<\/li>\n<\/ul>\n","protected":false},"excerpt":{"rendered":"<p>In\u0161titut Modrost Narave se zavezuje k najvi\u0161jim eti\u010dnim standardom v kou\u010dingu in mentorstvu. Na\u0161e delo temelji na eti\u010dnih kodeksih dveh vodilnih mednarodnih organizacij: International Coaching Federation (ICF) in European Mentoring &hellip; <\/p>\n","protected":false},"author":1,"featured_media":0,"parent":0,"menu_order":0,"comment_status":"closed","ping_status":"closed","template":"","meta":{"footnotes":""},"class_list":["post-123","page","type-page","status-publish","hentry"],"yoast_head":"<!-- This site is optimized with the Yoast SEO plugin v26.2 - https:\/\/yoast.com\/wordpress\/plugins\/seo\/ -->\n<title>Eti\u010dni kodeks \u2013 strokovna in eti\u010dna na\u010dela | In\u0161titut Modrost Narave<\/title>\n<meta name=\"description\" content=\"Zaveza k spo\u0161tovanju eti\u010dnih kodeksov ICF in EMCC: profesionalnost, integriteta, zaupanje pri coaching storitvah.\" \/>\n<meta name=\"robots\" content=\"index, follow, max-snippet:-1, max-image-preview:large, max-video-preview:-1\" \/>\n<link rel=\"canonical\" href=\"https:\/\/modrostnarave.si\/?page_id=123\" \/>\n<meta property=\"og:locale\" content=\"sl_SI\" \/>\n<meta property=\"og:type\" content=\"article\" \/>\n<meta property=\"og:title\" content=\"Eti\u010dni kodeks \u2013 strokovna in eti\u010dna na\u010dela | In\u0161titut Modrost Narave\" \/>\n<meta property=\"og:description\" content=\"Zaveza k spo\u0161tovanju eti\u010dnih kodeksov ICF in EMCC: profesionalnost, integriteta, zaupanje pri coaching storitvah.\" \/>\n<meta property=\"og:url\" content=\"https:\/\/modrostnarave.si\/?page_id=123\" \/>\n<meta property=\"og:site_name\" content=\"In\u0161titut Modrost Narave\" \/>\n<meta property=\"article:publisher\" content=\"https:\/\/www.facebook.com\/ModrostNarave\" \/>\n<meta property=\"article:modified_time\" content=\"2025-10-30T20:12:21+00:00\" \/>\n<meta name=\"twitter:card\" content=\"summary_large_image\" \/>\n<meta name=\"twitter:label1\" content=\"Est. reading time\" \/>\n\t<meta name=\"twitter:data1\" content=\"2 minuti\" \/>\n<script type=\"application\/ld+json\" class=\"yoast-schema-graph\">{\"@context\":\"https:\/\/schema.org\",\"@graph\":[{\"@type\":\"WebPage\",\"@id\":\"https:\/\/modrostnarave.si\/?page_id=123\",\"url\":\"https:\/\/modrostnarave.si\/?page_id=123\",\"name\":\"Eti\u010dni kodeks \u2013 strokovna in eti\u010dna na\u010dela | In\u0161titut Modrost Narave\",\"isPartOf\":{\"@id\":\"https:\/\/modrostnarave.si\/#website\"},\"datePublished\":\"2025-10-30T04:02:51+00:00\",\"dateModified\":\"2025-10-30T20:12:21+00:00\",\"description\":\"Zaveza k spo\u0161tovanju eti\u010dnih kodeksov ICF in EMCC: profesionalnost, integriteta, zaupanje pri coaching storitvah.\",\"breadcrumb\":{\"@id\":\"https:\/\/modrostnarave.si\/?page_id=123#breadcrumb\"},\"inLanguage\":\"sl-SI\",\"potentialAction\":[{\"@type\":\"ReadAction\",\"target\":[\"https:\/\/modrostnarave.si\/?page_id=123\"]}]},{\"@type\":\"BreadcrumbList\",\"@id\":\"https:\/\/modrostnarave.si\/?page_id=123#breadcrumb\",\"itemListElement\":[{\"@type\":\"ListItem\",\"position\":1,\"name\":\"Home\",\"item\":\"https:\/\/modrostnarave.si\/\"},{\"@type\":\"ListItem\",\"position\":2,\"name\":\"Eti\u010dni kodeks\"}]},{\"@type\":\"WebSite\",\"@id\":\"https:\/\/modrostnarave.si\/#website\",\"url\":\"https:\/\/modrostnarave.si\/\",\"name\":\"In\u0161titut Modrost Narave\",\"description\":\"Raziskave, svetovanje in coaching z namenom spodbujanja harmoni\u010dnega \u017eivljenjskega sloga.\",\"publisher\":{\"@id\":\"https:\/\/modrostnarave.si\/#organization\"},\"potentialAction\":[{\"@type\":\"SearchAction\",\"target\":{\"@type\":\"EntryPoint\",\"urlTemplate\":\"https:\/\/modrostnarave.si\/?s={search_term_string}\"},\"query-input\":{\"@type\":\"PropertyValueSpecification\",\"valueRequired\":true,\"valueName\":\"search_term_string\"}}],\"inLanguage\":\"sl-SI\"},{\"@type\":\"Organization\",\"@id\":\"https:\/\/modrostnarave.si\/#organization\",\"name\":\"In\u0161titut Modrost Narave\",\"url\":\"https:\/\/modrostnarave.si\/\",\"logo\":{\"@type\":\"ImageObject\",\"inLanguage\":\"sl-SI\",\"@id\":\"https:\/\/modrostnarave.si\/#\/schema\/logo\/image\/\",\"url\":\"https:\/\/modrostnarave.si\/wp-content\/uploads\/2024\/12\/cropped-IMG_0331-scaled-1.jpeg\",\"contentUrl\":\"https:\/\/modrostnarave.si\/wp-content\/uploads\/2024\/12\/cropped-IMG_0331-scaled-1.jpeg\",\"width\":1500,\"height\":1403,\"caption\":\"In\u0161titut Modrost Narave\"},\"image\":{\"@id\":\"https:\/\/modrostnarave.si\/#\/schema\/logo\/image\/\"},\"sameAs\":[\"https:\/\/www.facebook.com\/ModrostNarave\"]}]}<\/script>\n<!-- \/ Yoast SEO plugin. -->","yoast_head_json":{"title":"Eti\u010dni kodeks \u2013 strokovna in eti\u010dna na\u010dela | In\u0161titut Modrost Narave","description":"Zaveza k spo\u0161tovanju eti\u010dnih kodeksov ICF in EMCC: profesionalnost, integriteta, zaupanje pri coaching storitvah.","robots":{"index":"index","follow":"follow","max-snippet":"max-snippet:-1","max-image-preview":"max-image-preview:large","max-video-preview":"max-video-preview:-1"},"canonical":"https:\/\/modrostnarave.si\/?page_id=123","og_locale":"sl_SI","og_type":"article","og_title":"Eti\u010dni kodeks \u2013 strokovna in eti\u010dna na\u010dela | In\u0161titut Modrost Narave","og_description":"Zaveza k spo\u0161tovanju eti\u010dnih kodeksov ICF in EMCC: profesionalnost, integriteta, zaupanje pri coaching storitvah.","og_url":"https:\/\/modrostnarave.si\/?page_id=123","og_site_name":"In\u0161titut Modrost Narave","article_publisher":"https:\/\/www.facebook.com\/ModrostNarave","article_modified_time":"2025-10-30T20:12:21+00:00","twitter_card":"summary_large_image","twitter_misc":{"Est. reading time":"2 minuti"},"schema":{"@context":"https:\/\/schema.org","@graph":[{"@type":"WebPage","@id":"https:\/\/modrostnarave.si\/?page_id=123","url":"https:\/\/modrostnarave.si\/?page_id=123","name":"Eti\u010dni kodeks \u2013 strokovna in eti\u010dna na\u010dela | In\u0161titut Modrost Narave","isPartOf":{"@id":"https:\/\/modrostnarave.si\/#website"},"datePublished":"2025-10-30T04:02:51+00:00","dateModified":"2025-10-30T20:12:21+00:00","description":"Zaveza k spo\u0161tovanju eti\u010dnih kodeksov ICF in EMCC: profesionalnost, integriteta, zaupanje pri coaching storitvah.","breadcrumb":{"@id":"https:\/\/modrostnarave.si\/?page_id=123#breadcrumb"},"inLanguage":"sl-SI","potentialAction":[{"@type":"ReadAction","target":["https:\/\/modrostnarave.si\/?page_id=123"]}]},{"@type":"BreadcrumbList","@id":"https:\/\/modrostnarave.si\/?page_id=123#breadcrumb","itemListElement":[{"@type":"ListItem","position":1,"name":"Home","item":"https:\/\/modrostnarave.si\/"},{"@type":"ListItem","position":2,"name":"Eti\u010dni kodeks"}]},{"@type":"WebSite","@id":"https:\/\/modrostnarave.si\/#website","url":"https:\/\/modrostnarave.si\/","name":"In\u0161titut Modrost Narave","description":"Raziskave, svetovanje in coaching z namenom spodbujanja harmoni\u010dnega \u017eivljenjskega sloga.","publisher":{"@id":"https:\/\/modrostnarave.si\/#organization"},"potentialAction":[{"@type":"SearchAction","target":{"@type":"EntryPoint","urlTemplate":"https:\/\/modrostnarave.si\/?s={search_term_string}"},"query-input":{"@type":"PropertyValueSpecification","valueRequired":true,"valueName":"search_term_string"}}],"inLanguage":"sl-SI"},{"@type":"Organization","@id":"https:\/\/modrostnarave.si\/#organization","name":"In\u0161titut Modrost Narave","url":"https:\/\/modrostnarave.si\/","logo":{"@type":"ImageObject","inLanguage":"sl-SI","@id":"https:\/\/modrostnarave.si\/#\/schema\/logo\/image\/","url":"https:\/\/modrostnarave.si\/wp-content\/uploads\/2024\/12\/cropped-IMG_0331-scaled-1.jpeg","contentUrl":"https:\/\/modrostnarave.si\/wp-content\/uploads\/2024\/12\/cropped-IMG_0331-scaled-1.jpeg","width":1500,"height":1403,"caption":"In\u0161titut Modrost Narave"},"image":{"@id":"https:\/\/modrostnarave.si\/#\/schema\/logo\/image\/"},"sameAs":["https:\/\/www.facebook.com\/ModrostNarave"]}]}},"_links":{"self":[{"href":"https:\/\/modrostnarave.si\/index.php?rest_route=\/wp\/v2\/pages\/123","targetHints":{"allow":["GET"]}}],"collection":[{"href":"https:\/\/modrostnarave.si\/index.php?rest_route=\/wp\/v2\/pages"}],"about":[{"href":"https:\/\/modrostnarave.si\/index.php?rest_route=\/wp\/v2\/types\/page"}],"author":[{"embeddable":true,"href":"https:\/\/modrostnarave.si\/index.php?rest_route=\/wp\/v2\/users\/1"}],"replies":[{"embeddable":true,"href":"https:\/\/modrostnarave.si\/index.php?rest_route=%2Fwp%2Fv2%2Fcomments&post=123"}],"version-history":[{"count":2,"href":"https:\/\/modrostnarave.si\/index.php?rest_route=\/wp\/v2\/pages\/123\/revisions"}],"predecessor-version":[{"id":127,"href":"https:\/\/modrostnarave.si\/index.php?rest_route=\/wp\/v2\/pages\/123\/revisions\/127"}],"wp:attachment":[{"href":"https:\/\/modrostnarave.si\/index.php?rest_route=%2Fwp%2Fv2%2Fmedia&parent=123"}],"curies":[{"name":"wp","href":"https:\/\/api.w.org\/{rel}","templated":true}]}}