{"id":135,"date":"2025-10-30T07:12:17","date_gmt":"2025-10-30T07:12:17","guid":{"rendered":"https:\/\/modrostnarave.si\/?page_id=135"},"modified":"2025-10-31T18:08:26","modified_gmt":"2025-10-31T18:08:26","slug":"coaching","status":"publish","type":"page","link":"https:\/\/modrostnarave.si\/?page_id=135","title":{"rendered":"Coaching"},"content":{"rendered":"\n<h2 class=\"wp-block-heading\">Kaj je coaching (in kaj ni)?<\/h2>\n\n\n\n<p>Coaching je proces, ki pomaga posameznikom in skupinam dose\u010di svoje cilje ter uresni\u010diti osebni in profesionalni potencial.<\/p>\n\n\n\n<ul class=\"wp-block-list\">\n<li>Osebni coaching \u2013 podpora pri \u017eivljenjskih odlo\u010ditvah in osebnem razvoju<\/li>\n\n\n\n<li>Poslovni coaching \u2013 razvoj vodstvenih kompetenc in karierne rasti<\/li>\n<\/ul>\n\n\n\n<p>Kaj coaching JE:<\/p>\n\n\n\n<ul class=\"wp-block-list\">\n<li>Aktivno poslu\u0161anje in postavljanje mo\u010dnih vpra\u0161anj<\/li>\n\n\n\n<li>Podpora pri osebni in profesionalni transformaciji<\/li>\n\n\n\n<li>Proces, ki spodbuja samorazvoj in iskanje lastnih re\u0161itev<\/li>\n\n\n\n<li>Partnerski odnos, ki pomaga dose\u010di zastavljene cilje<\/li>\n<\/ul>\n\n\n\n<p>Kaj coaching NI:<\/p>\n\n\n\n<ul class=\"wp-block-list\">\n<li>Psihoterapija \u2013 coaching ne zdravi psihi\u010dnih motenj ali travm<\/li>\n\n\n\n<li>Svetovanje \u2013 coach ne daje navodil ali gotovih re\u0161itev<\/li>\n\n\n\n<li>Trening \u2013 coach ne u\u010di specifi\u010dnih ve\u0161\u010din ali znanj<\/li>\n\n\n\n<li>Mentorstvo \u2013 coach ne deli svojih izku\u0161enj ali ne usmarja na podlagi svoje strokovnosti<\/li>\n<\/ul>\n\n\n\n<h2 class=\"wp-block-heading\">Kodeks<\/h2>\n\n\n\n<p>Coaching pri In\u0161titutu Modrost Narave temelji na spo\u0161tovanju eti\u010dnih kodeksov ICF (International Coaching Federation) in EMCC (European Mentoring and Coaching Council). Na\u0161a zaveza profesionalnosti zagotavlja, da delujemo v skladu z mednarodnimi standardi, ki postavljajo v ospredje zaupanje, varnost, integriteto in eti\u010dno odgovornost. To pomeni, da na\u0161i klienti lahko pri\u010dakujejo coaching, ki podpira njihov osebni in profesionalni razvoj na najvi\u0161ji ravni.<\/p>\n\n\n\n<h2 class=\"wp-block-heading\">Cenik storitev<\/h2>\n\n\n\n<p>Pri Institutu Modrost Narave ponujamo individualni coaching na razli\u010dnih podro\u010djijih. Cena storitve je po predhodnem dogovoru.<\/p>\n","protected":false},"excerpt":{"rendered":"<p>Kaj je coaching (in kaj ni)? Coaching je proces, ki pomaga posameznikom in skupinam dose\u010di svoje cilje ter uresni\u010diti osebni in profesionalni potencial. Kaj coaching JE: Kaj coaching NI: Kodeks &hellip; <\/p>\n","protected":false},"author":1,"featured_media":0,"parent":0,"menu_order":0,"comment_status":"closed","ping_status":"closed","template":"","meta":{"footnotes":""},"class_list":["post-135","page","type-page","status-publish","hentry"],"yoast_head":"<!-- This site is optimized with the Yoast SEO plugin v26.2 - https:\/\/yoast.com\/wordpress\/plugins\/seo\/ -->\n<title>Coaching \u2013 osebni in poslovni razvoj | In\u0161titut Modrost Narave<\/title>\n<meta name=\"description\" content=\"Individualni in poslovni coaching podprt z eti\u010dnimi kodeksi ICF in EMCC. Odkrijte potencial in rast z vodilnimi strokovnjaki Modrost narave.\" \/>\n<meta name=\"robots\" content=\"index, follow, max-snippet:-1, max-image-preview:large, max-video-preview:-1\" \/>\n<link rel=\"canonical\" href=\"https:\/\/modrostnarave.si\/?page_id=135\" \/>\n<meta property=\"og:locale\" content=\"sl_SI\" \/>\n<meta property=\"og:type\" content=\"article\" \/>\n<meta property=\"og:title\" content=\"Coaching \u2013 osebni in poslovni razvoj | In\u0161titut Modrost Narave\" \/>\n<meta property=\"og:description\" content=\"Individualni in poslovni coaching podprt z eti\u010dnimi kodeksi ICF in EMCC. Odkrijte potencial in rast z vodilnimi strokovnjaki Modrost narave.\" \/>\n<meta property=\"og:url\" content=\"https:\/\/modrostnarave.si\/?page_id=135\" \/>\n<meta property=\"og:site_name\" content=\"In\u0161titut Modrost Narave\" \/>\n<meta property=\"article:publisher\" content=\"https:\/\/www.facebook.com\/ModrostNarave\" \/>\n<meta property=\"article:modified_time\" content=\"2025-10-31T18:08:26+00:00\" \/>\n<meta name=\"twitter:card\" content=\"summary_large_image\" \/>\n<meta name=\"twitter:label1\" content=\"Est. reading time\" \/>\n\t<meta name=\"twitter:data1\" content=\"2 minuti\" \/>\n<script type=\"application\/ld+json\" class=\"yoast-schema-graph\">{\"@context\":\"https:\/\/schema.org\",\"@graph\":[{\"@type\":\"WebPage\",\"@id\":\"https:\/\/modrostnarave.si\/?page_id=135\",\"url\":\"https:\/\/modrostnarave.si\/?page_id=135\",\"name\":\"Coaching \u2013 osebni in poslovni razvoj | In\u0161titut Modrost Narave\",\"isPartOf\":{\"@id\":\"https:\/\/modrostnarave.si\/#website\"},\"datePublished\":\"2025-10-30T07:12:17+00:00\",\"dateModified\":\"2025-10-31T18:08:26+00:00\",\"description\":\"Individualni in poslovni coaching podprt z eti\u010dnimi kodeksi ICF in EMCC. Odkrijte potencial in rast z vodilnimi strokovnjaki Modrost narave.\",\"breadcrumb\":{\"@id\":\"https:\/\/modrostnarave.si\/?page_id=135#breadcrumb\"},\"inLanguage\":\"sl-SI\",\"potentialAction\":[{\"@type\":\"ReadAction\",\"target\":[\"https:\/\/modrostnarave.si\/?page_id=135\"]}]},{\"@type\":\"BreadcrumbList\",\"@id\":\"https:\/\/modrostnarave.si\/?page_id=135#breadcrumb\",\"itemListElement\":[{\"@type\":\"ListItem\",\"position\":1,\"name\":\"Home\",\"item\":\"https:\/\/modrostnarave.si\/\"},{\"@type\":\"ListItem\",\"position\":2,\"name\":\"Coaching\"}]},{\"@type\":\"WebSite\",\"@id\":\"https:\/\/modrostnarave.si\/#website\",\"url\":\"https:\/\/modrostnarave.si\/\",\"name\":\"In\u0161titut Modrost Narave\",\"description\":\"Raziskave, svetovanje in coaching z namenom spodbujanja harmoni\u010dnega \u017eivljenjskega sloga.\",\"publisher\":{\"@id\":\"https:\/\/modrostnarave.si\/#organization\"},\"potentialAction\":[{\"@type\":\"SearchAction\",\"target\":{\"@type\":\"EntryPoint\",\"urlTemplate\":\"https:\/\/modrostnarave.si\/?s={search_term_string}\"},\"query-input\":{\"@type\":\"PropertyValueSpecification\",\"valueRequired\":true,\"valueName\":\"search_term_string\"}}],\"inLanguage\":\"sl-SI\"},{\"@type\":\"Organization\",\"@id\":\"https:\/\/modrostnarave.si\/#organization\",\"name\":\"In\u0161titut Modrost Narave\",\"url\":\"https:\/\/modrostnarave.si\/\",\"logo\":{\"@type\":\"ImageObject\",\"inLanguage\":\"sl-SI\",\"@id\":\"https:\/\/modrostnarave.si\/#\/schema\/logo\/image\/\",\"url\":\"https:\/\/modrostnarave.si\/wp-content\/uploads\/2024\/12\/cropped-IMG_0331-scaled-1.jpeg\",\"contentUrl\":\"https:\/\/modrostnarave.si\/wp-content\/uploads\/2024\/12\/cropped-IMG_0331-scaled-1.jpeg\",\"width\":1500,\"height\":1403,\"caption\":\"In\u0161titut Modrost Narave\"},\"image\":{\"@id\":\"https:\/\/modrostnarave.si\/#\/schema\/logo\/image\/\"},\"sameAs\":[\"https:\/\/www.facebook.com\/ModrostNarave\"]}]}<\/script>\n<!-- \/ Yoast SEO plugin. -->","yoast_head_json":{"title":"Coaching \u2013 osebni in poslovni razvoj | In\u0161titut Modrost Narave","description":"Individualni in poslovni coaching podprt z eti\u010dnimi kodeksi ICF in EMCC. Odkrijte potencial in rast z vodilnimi strokovnjaki Modrost narave.","robots":{"index":"index","follow":"follow","max-snippet":"max-snippet:-1","max-image-preview":"max-image-preview:large","max-video-preview":"max-video-preview:-1"},"canonical":"https:\/\/modrostnarave.si\/?page_id=135","og_locale":"sl_SI","og_type":"article","og_title":"Coaching \u2013 osebni in poslovni razvoj | In\u0161titut Modrost Narave","og_description":"Individualni in poslovni coaching podprt z eti\u010dnimi kodeksi ICF in EMCC. Odkrijte potencial in rast z vodilnimi strokovnjaki Modrost narave.","og_url":"https:\/\/modrostnarave.si\/?page_id=135","og_site_name":"In\u0161titut Modrost Narave","article_publisher":"https:\/\/www.facebook.com\/ModrostNarave","article_modified_time":"2025-10-31T18:08:26+00:00","twitter_card":"summary_large_image","twitter_misc":{"Est. reading time":"2 minuti"},"schema":{"@context":"https:\/\/schema.org","@graph":[{"@type":"WebPage","@id":"https:\/\/modrostnarave.si\/?page_id=135","url":"https:\/\/modrostnarave.si\/?page_id=135","name":"Coaching \u2013 osebni in poslovni razvoj | In\u0161titut Modrost Narave","isPartOf":{"@id":"https:\/\/modrostnarave.si\/#website"},"datePublished":"2025-10-30T07:12:17+00:00","dateModified":"2025-10-31T18:08:26+00:00","description":"Individualni in poslovni coaching podprt z eti\u010dnimi kodeksi ICF in EMCC. Odkrijte potencial in rast z vodilnimi strokovnjaki Modrost narave.","breadcrumb":{"@id":"https:\/\/modrostnarave.si\/?page_id=135#breadcrumb"},"inLanguage":"sl-SI","potentialAction":[{"@type":"ReadAction","target":["https:\/\/modrostnarave.si\/?page_id=135"]}]},{"@type":"BreadcrumbList","@id":"https:\/\/modrostnarave.si\/?page_id=135#breadcrumb","itemListElement":[{"@type":"ListItem","position":1,"name":"Home","item":"https:\/\/modrostnarave.si\/"},{"@type":"ListItem","position":2,"name":"Coaching"}]},{"@type":"WebSite","@id":"https:\/\/modrostnarave.si\/#website","url":"https:\/\/modrostnarave.si\/","name":"In\u0161titut Modrost Narave","description":"Raziskave, svetovanje in coaching z namenom spodbujanja harmoni\u010dnega \u017eivljenjskega sloga.","publisher":{"@id":"https:\/\/modrostnarave.si\/#organization"},"potentialAction":[{"@type":"SearchAction","target":{"@type":"EntryPoint","urlTemplate":"https:\/\/modrostnarave.si\/?s={search_term_string}"},"query-input":{"@type":"PropertyValueSpecification","valueRequired":true,"valueName":"search_term_string"}}],"inLanguage":"sl-SI"},{"@type":"Organization","@id":"https:\/\/modrostnarave.si\/#organization","name":"In\u0161titut Modrost Narave","url":"https:\/\/modrostnarave.si\/","logo":{"@type":"ImageObject","inLanguage":"sl-SI","@id":"https:\/\/modrostnarave.si\/#\/schema\/logo\/image\/","url":"https:\/\/modrostnarave.si\/wp-content\/uploads\/2024\/12\/cropped-IMG_0331-scaled-1.jpeg","contentUrl":"https:\/\/modrostnarave.si\/wp-content\/uploads\/2024\/12\/cropped-IMG_0331-scaled-1.jpeg","width":1500,"height":1403,"caption":"In\u0161titut Modrost Narave"},"image":{"@id":"https:\/\/modrostnarave.si\/#\/schema\/logo\/image\/"},"sameAs":["https:\/\/www.facebook.com\/ModrostNarave"]}]}},"_links":{"self":[{"href":"https:\/\/modrostnarave.si\/index.php?rest_route=\/wp\/v2\/pages\/135","targetHints":{"allow":["GET"]}}],"collection":[{"href":"https:\/\/modrostnarave.si\/index.php?rest_route=\/wp\/v2\/pages"}],"about":[{"href":"https:\/\/modrostnarave.si\/index.php?rest_route=\/wp\/v2\/types\/page"}],"author":[{"embeddable":true,"href":"https:\/\/modrostnarave.si\/index.php?rest_route=\/wp\/v2\/users\/1"}],"replies":[{"embeddable":true,"href":"https:\/\/modrostnarave.si\/index.php?rest_route=%2Fwp%2Fv2%2Fcomments&post=135"}],"version-history":[{"count":7,"href":"https:\/\/modrostnarave.si\/index.php?rest_route=\/wp\/v2\/pages\/135\/revisions"}],"predecessor-version":[{"id":192,"href":"https:\/\/modrostnarave.si\/index.php?rest_route=\/wp\/v2\/pages\/135\/revisions\/192"}],"wp:attachment":[{"href":"https:\/\/modrostnarave.si\/index.php?rest_route=%2Fwp%2Fv2%2Fmedia&parent=135"}],"curies":[{"name":"wp","href":"https:\/\/api.w.org\/{rel}","templated":true}]}}