{"id":18,"date":"2024-12-23T14:27:17","date_gmt":"2024-12-23T14:27:17","guid":{"rendered":"https:\/\/modrostnarave.si\/?page_id=18"},"modified":"2025-10-30T20:08:47","modified_gmt":"2025-10-30T20:08:47","slug":"activities","status":"publish","type":"page","link":"https:\/\/modrostnarave.si\/?page_id=18","title":{"rendered":"Dejavnosti"},"content":{"rendered":"\n<p>In\u0161titut Modrost narave ponuja celostni pristop k \u010dlovekovemu razvoju in zdravju, ki temelji na tradicionalnih modrostih in sodobnih spoznanjih. Spodaj predstavljamo na\u0161e klju\u010dne dejavnosti in podro\u010dja delovanja.<\/p>\n\n\n\n<h2 class=\"wp-block-heading\">Raziskovalne dejavnosti<\/h2>\n\n\n\n<h3 class=\"wp-block-heading\">Vedska znanja<\/h3>\n\n\n\n<ul class=\"wp-block-list\">\n<li>D\u017eoti\u0161 (vedska astrologija) za razumevanje \u017eivljenjskih ciklov in osebnega potenciala<\/li>\n\n\n\n<li>Vastu principi za harmoni\u010dno bivalno okolje<\/li>\n\n\n\n<li>Ajurvedski pristopi k zdravju in ravnovesju<\/li>\n\n\n\n<li>Filozofija joge za celostni razvoj<\/li>\n<\/ul>\n\n\n\n<h3 class=\"wp-block-heading\">Tradicionalne metode zdravljenja<\/h3>\n\n\n\n<ul class=\"wp-block-list\">\n<li>Zeli\u0161\u010darstvo in naravni pristopi k zdravju<\/li>\n\n\n\n<li>\u0160amanisti\u010dne prakse in tehnike<\/li>\n\n\n\n<li>Manualne terapije in masa\u017ee<\/li>\n\n\n\n<li>Refleksoterapija<\/li>\n<\/ul>\n\n\n\n<h3 class=\"wp-block-heading\">Integracija tradicionalnega in sodobnega<\/h3>\n\n\n\n<ul class=\"wp-block-list\">\n<li>Raziskovanje u\u010dinkovitosti tradicionalnih metod<\/li>\n\n\n\n<li>Razvoj sodobnih pristopov na osnovi starodavnih modrosti<\/li>\n\n\n\n<li>Sodelovanje s strokovnjaki razli\u010dnih podro\u010dij<\/li>\n<\/ul>\n\n\n\n<h2 class=\"wp-block-heading\">Svetovalne storitve<\/h2>\n\n\n\n<h3 class=\"wp-block-heading\">Individualno svetovanje<\/h3>\n\n\n\n<ul class=\"wp-block-list\">\n<li>Osebna analiza \u017eivljenjskega namena<\/li>\n\n\n\n<li>Svetovanje za harmonizacijo \u017eivljenjskega prostora<\/li>\n\n\n\n<li>Zdravstveno svetovanje po tradicionalnih metodah<\/li>\n\n\n\n<li>Coaching za osebnostno rast<\/li>\n<\/ul>\n\n\n\n<h3 class=\"wp-block-heading\">Skupinske aktivnosti &#8211; v pripravi<\/h3>\n\n\n\n<ul class=\"wp-block-list\">\n<li>Podporne skupine za osebnostno rast<\/li>\n\n\n\n<li>Meditativna sre\u010danja<\/li>\n\n\n\n<li>Prakti\u010dne delavnice za u\u010denje tradicionalnih tehnik<\/li>\n\n\n\n<li>Retreati v naravi<\/li>\n<\/ul>\n\n\n\n<h3 class=\"wp-block-heading\">Celostna podpora<\/h3>\n\n\n\n<ul class=\"wp-block-list\">\n<li>Programi za obvladovanje stresa v sodobnem \u017eivljenju<\/li>\n\n\n\n<li>Naravni pristopi k zdravemu \u017eivljenjskemu slogu<\/li>\n\n\n\n<li>Individualni programi za doseganje \u017eivljenjskih ciljev<\/li>\n<\/ul>\n\n\n\n<p><\/p>\n","protected":false},"excerpt":{"rendered":"<p>In\u0161titut Modrost narave ponuja celostni pristop k \u010dlovekovemu razvoju in zdravju, ki temelji na tradicionalnih modrostih in sodobnih spoznanjih. Spodaj predstavljamo na\u0161e klju\u010dne dejavnosti in podro\u010dja delovanja. Raziskovalne dejavnosti Vedska &hellip; <\/p>\n","protected":false},"author":1,"featured_media":0,"parent":0,"menu_order":0,"comment_status":"closed","ping_status":"closed","template":"","meta":{"footnotes":""},"class_list":["post-18","page","type-page","status-publish","hentry"],"yoast_head":"<!-- This site is optimized with the Yoast SEO plugin v26.2 - https:\/\/yoast.com\/wordpress\/plugins\/seo\/ -->\n<title>Dejavnosti \u2013 celostni pristopi, storitve in prakse | In\u0161titut Modrost Narave<\/title>\n<meta name=\"description\" content=\"Pregled vseh dejavnosti in storitev: vedska modrost, coaching, tradicionalni pristopi in svetovanje za harmoni\u010dno \u017eivljenje v Sloveniji.\" \/>\n<meta name=\"robots\" content=\"index, follow, max-snippet:-1, max-image-preview:large, max-video-preview:-1\" \/>\n<link rel=\"canonical\" href=\"https:\/\/modrostnarave.si\/?page_id=18\" \/>\n<meta property=\"og:locale\" content=\"sl_SI\" \/>\n<meta property=\"og:type\" content=\"article\" \/>\n<meta property=\"og:title\" content=\"Dejavnosti \u2013 celostni pristopi, storitve in prakse | In\u0161titut Modrost Narave\" \/>\n<meta property=\"og:description\" content=\"Pregled vseh dejavnosti in storitev: vedska modrost, coaching, tradicionalni pristopi in svetovanje za harmoni\u010dno \u017eivljenje v Sloveniji.\" \/>\n<meta property=\"og:url\" content=\"https:\/\/modrostnarave.si\/?page_id=18\" \/>\n<meta property=\"og:site_name\" content=\"In\u0161titut Modrost Narave\" \/>\n<meta property=\"article:publisher\" content=\"https:\/\/www.facebook.com\/ModrostNarave\" \/>\n<meta property=\"article:modified_time\" content=\"2025-10-30T20:08:47+00:00\" \/>\n<meta name=\"twitter:card\" content=\"summary_large_image\" \/>\n<meta name=\"twitter:label1\" content=\"Est. reading time\" \/>\n\t<meta name=\"twitter:data1\" content=\"1 minuta\" \/>\n<script type=\"application\/ld+json\" class=\"yoast-schema-graph\">{\"@context\":\"https:\/\/schema.org\",\"@graph\":[{\"@type\":\"WebPage\",\"@id\":\"https:\/\/modrostnarave.si\/?page_id=18\",\"url\":\"https:\/\/modrostnarave.si\/?page_id=18\",\"name\":\"Dejavnosti \u2013 celostni pristopi, storitve in prakse | In\u0161titut Modrost Narave\",\"isPartOf\":{\"@id\":\"https:\/\/modrostnarave.si\/#website\"},\"datePublished\":\"2024-12-23T14:27:17+00:00\",\"dateModified\":\"2025-10-30T20:08:47+00:00\",\"description\":\"Pregled vseh dejavnosti in storitev: vedska modrost, coaching, tradicionalni pristopi in svetovanje za harmoni\u010dno \u017eivljenje v Sloveniji.\",\"breadcrumb\":{\"@id\":\"https:\/\/modrostnarave.si\/?page_id=18#breadcrumb\"},\"inLanguage\":\"sl-SI\",\"potentialAction\":[{\"@type\":\"ReadAction\",\"target\":[\"https:\/\/modrostnarave.si\/?page_id=18\"]}]},{\"@type\":\"BreadcrumbList\",\"@id\":\"https:\/\/modrostnarave.si\/?page_id=18#breadcrumb\",\"itemListElement\":[{\"@type\":\"ListItem\",\"position\":1,\"name\":\"Home\",\"item\":\"https:\/\/modrostnarave.si\/\"},{\"@type\":\"ListItem\",\"position\":2,\"name\":\"Dejavnosti\"}]},{\"@type\":\"WebSite\",\"@id\":\"https:\/\/modrostnarave.si\/#website\",\"url\":\"https:\/\/modrostnarave.si\/\",\"name\":\"In\u0161titut Modrost Narave\",\"description\":\"Raziskave, svetovanje in coaching z namenom spodbujanja harmoni\u010dnega \u017eivljenjskega sloga.\",\"publisher\":{\"@id\":\"https:\/\/modrostnarave.si\/#organization\"},\"potentialAction\":[{\"@type\":\"SearchAction\",\"target\":{\"@type\":\"EntryPoint\",\"urlTemplate\":\"https:\/\/modrostnarave.si\/?s={search_term_string}\"},\"query-input\":{\"@type\":\"PropertyValueSpecification\",\"valueRequired\":true,\"valueName\":\"search_term_string\"}}],\"inLanguage\":\"sl-SI\"},{\"@type\":\"Organization\",\"@id\":\"https:\/\/modrostnarave.si\/#organization\",\"name\":\"In\u0161titut Modrost Narave\",\"url\":\"https:\/\/modrostnarave.si\/\",\"logo\":{\"@type\":\"ImageObject\",\"inLanguage\":\"sl-SI\",\"@id\":\"https:\/\/modrostnarave.si\/#\/schema\/logo\/image\/\",\"url\":\"https:\/\/modrostnarave.si\/wp-content\/uploads\/2024\/12\/cropped-IMG_0331-scaled-1.jpeg\",\"contentUrl\":\"https:\/\/modrostnarave.si\/wp-content\/uploads\/2024\/12\/cropped-IMG_0331-scaled-1.jpeg\",\"width\":1500,\"height\":1403,\"caption\":\"In\u0161titut Modrost Narave\"},\"image\":{\"@id\":\"https:\/\/modrostnarave.si\/#\/schema\/logo\/image\/\"},\"sameAs\":[\"https:\/\/www.facebook.com\/ModrostNarave\"]}]}<\/script>\n<!-- \/ Yoast SEO plugin. -->","yoast_head_json":{"title":"Dejavnosti \u2013 celostni pristopi, storitve in prakse | In\u0161titut Modrost Narave","description":"Pregled vseh dejavnosti in storitev: vedska modrost, coaching, tradicionalni pristopi in svetovanje za harmoni\u010dno \u017eivljenje v Sloveniji.","robots":{"index":"index","follow":"follow","max-snippet":"max-snippet:-1","max-image-preview":"max-image-preview:large","max-video-preview":"max-video-preview:-1"},"canonical":"https:\/\/modrostnarave.si\/?page_id=18","og_locale":"sl_SI","og_type":"article","og_title":"Dejavnosti \u2013 celostni pristopi, storitve in prakse | In\u0161titut Modrost Narave","og_description":"Pregled vseh dejavnosti in storitev: vedska modrost, coaching, tradicionalni pristopi in svetovanje za harmoni\u010dno \u017eivljenje v Sloveniji.","og_url":"https:\/\/modrostnarave.si\/?page_id=18","og_site_name":"In\u0161titut Modrost Narave","article_publisher":"https:\/\/www.facebook.com\/ModrostNarave","article_modified_time":"2025-10-30T20:08:47+00:00","twitter_card":"summary_large_image","twitter_misc":{"Est. reading time":"1 minuta"},"schema":{"@context":"https:\/\/schema.org","@graph":[{"@type":"WebPage","@id":"https:\/\/modrostnarave.si\/?page_id=18","url":"https:\/\/modrostnarave.si\/?page_id=18","name":"Dejavnosti \u2013 celostni pristopi, storitve in prakse | In\u0161titut Modrost Narave","isPartOf":{"@id":"https:\/\/modrostnarave.si\/#website"},"datePublished":"2024-12-23T14:27:17+00:00","dateModified":"2025-10-30T20:08:47+00:00","description":"Pregled vseh dejavnosti in storitev: vedska modrost, coaching, tradicionalni pristopi in svetovanje za harmoni\u010dno \u017eivljenje v Sloveniji.","breadcrumb":{"@id":"https:\/\/modrostnarave.si\/?page_id=18#breadcrumb"},"inLanguage":"sl-SI","potentialAction":[{"@type":"ReadAction","target":["https:\/\/modrostnarave.si\/?page_id=18"]}]},{"@type":"BreadcrumbList","@id":"https:\/\/modrostnarave.si\/?page_id=18#breadcrumb","itemListElement":[{"@type":"ListItem","position":1,"name":"Home","item":"https:\/\/modrostnarave.si\/"},{"@type":"ListItem","position":2,"name":"Dejavnosti"}]},{"@type":"WebSite","@id":"https:\/\/modrostnarave.si\/#website","url":"https:\/\/modrostnarave.si\/","name":"In\u0161titut Modrost Narave","description":"Raziskave, svetovanje in coaching z namenom spodbujanja harmoni\u010dnega \u017eivljenjskega sloga.","publisher":{"@id":"https:\/\/modrostnarave.si\/#organization"},"potentialAction":[{"@type":"SearchAction","target":{"@type":"EntryPoint","urlTemplate":"https:\/\/modrostnarave.si\/?s={search_term_string}"},"query-input":{"@type":"PropertyValueSpecification","valueRequired":true,"valueName":"search_term_string"}}],"inLanguage":"sl-SI"},{"@type":"Organization","@id":"https:\/\/modrostnarave.si\/#organization","name":"In\u0161titut Modrost Narave","url":"https:\/\/modrostnarave.si\/","logo":{"@type":"ImageObject","inLanguage":"sl-SI","@id":"https:\/\/modrostnarave.si\/#\/schema\/logo\/image\/","url":"https:\/\/modrostnarave.si\/wp-content\/uploads\/2024\/12\/cropped-IMG_0331-scaled-1.jpeg","contentUrl":"https:\/\/modrostnarave.si\/wp-content\/uploads\/2024\/12\/cropped-IMG_0331-scaled-1.jpeg","width":1500,"height":1403,"caption":"In\u0161titut Modrost Narave"},"image":{"@id":"https:\/\/modrostnarave.si\/#\/schema\/logo\/image\/"},"sameAs":["https:\/\/www.facebook.com\/ModrostNarave"]}]}},"_links":{"self":[{"href":"https:\/\/modrostnarave.si\/index.php?rest_route=\/wp\/v2\/pages\/18","targetHints":{"allow":["GET"]}}],"collection":[{"href":"https:\/\/modrostnarave.si\/index.php?rest_route=\/wp\/v2\/pages"}],"about":[{"href":"https:\/\/modrostnarave.si\/index.php?rest_route=\/wp\/v2\/types\/page"}],"author":[{"embeddable":true,"href":"https:\/\/modrostnarave.si\/index.php?rest_route=\/wp\/v2\/users\/1"}],"replies":[{"embeddable":true,"href":"https:\/\/modrostnarave.si\/index.php?rest_route=%2Fwp%2Fv2%2Fcomments&post=18"}],"version-history":[{"count":5,"href":"https:\/\/modrostnarave.si\/index.php?rest_route=\/wp\/v2\/pages\/18\/revisions"}],"predecessor-version":[{"id":77,"href":"https:\/\/modrostnarave.si\/index.php?rest_route=\/wp\/v2\/pages\/18\/revisions\/77"}],"wp:attachment":[{"href":"https:\/\/modrostnarave.si\/index.php?rest_route=%2Fwp%2Fv2%2Fmedia&parent=18"}],"curies":[{"name":"wp","href":"https:\/\/api.w.org\/{rel}","templated":true}]}}